{"id":395,"date":"2021-08-27T12:11:46","date_gmt":"2021-08-27T12:11:46","guid":{"rendered":"http:\/\/dummy.xtemos.com\/woodmart2\/elementor\/?post_type=product&#038;p=395"},"modified":"2025-04-27T10:50:10","modified_gmt":"2025-04-27T08:50:10","slug":"ornare-auctor","status":"publish","type":"product","link":"https:\/\/natoo-underwear.com\/index.php\/produit\/ornare-auctor\/","title":{"rendered":"Cale\u00e7on Bleue fonc\u00e9 \u00e0 motifs"},"content":{"rendered":"\t\t<div data-elementor-type=\"wp-post\" data-elementor-id=\"395\" class=\"elementor elementor-395\">\n\t\t\t\t\t\t\t\t\t<section class=\"wd-negative-gap elementor-section elementor-top-section elementor-element elementor-element-5c4d4f1c elementor-section-content-top elementor-section-boxed elementor-section-height-default elementor-section-height-default wd-section-disabled\" data-id=\"5c4d4f1c\" data-element_type=\"section\">\n\t\t\t\t\t\t<div class=\"elementor-container elementor-column-gap-default\">\n\t\t\t\t\t<div class=\"elementor-column elementor-col-100 elementor-top-column elementor-element elementor-element-596d6e65\" data-id=\"596d6e65\" data-element_type=\"column\">\n\t\t\t<div class=\"elementor-widget-wrap elementor-element-populated\">\n\t\t\t\t\t\t\t\t<div class=\"elementor-element elementor-element-21a4c91 elementor-widget elementor-widget-wd_text_block\" data-id=\"21a4c91\" data-element_type=\"widget\" data-widget_type=\"wd_text_block.default\">\n\t\t\t\t<div class=\"elementor-widget-container\">\n\t\t\t\t\t<div class=\"wd-text-block reset-last-child text-left\">\n\t\t\t\n\t\t\t<h4>Collection Cale\u00e7ons Natoo Underwear<\/h4>\n\t\t\t\t\t<\/div>\n\t\t\t\t<\/div>\n\t\t\t\t<\/div>\n\t\t\t\t\t<\/div>\n\t\t<\/div>\n\t\t\t\t\t\t\t<\/div>\n\t\t<\/section>\n\t\t\t\t\t\t\t<\/div>\n\t\t","protected":false},"excerpt":{"rendered":"<p>Collection Cale\u00e7ons Natoo Underwear<\/p>\n","protected":false},"featured_media":15929,"comment_status":"open","ping_status":"closed","template":"","meta":[],"product_cat":[28],"product_tag":[],"_links":{"self":[{"href":"https:\/\/natoo-underwear.com\/index.php\/wp-json\/wp\/v2\/product\/395"}],"collection":[{"href":"https:\/\/natoo-underwear.com\/index.php\/wp-json\/wp\/v2\/product"}],"about":[{"href":"https:\/\/natoo-underwear.com\/index.php\/wp-json\/wp\/v2\/types\/product"}],"replies":[{"embeddable":true,"href":"https:\/\/natoo-underwear.com\/index.php\/wp-json\/wp\/v2\/comments?post=395"}],"version-history":[{"count":6,"href":"https:\/\/natoo-underwear.com\/index.php\/wp-json\/wp\/v2\/product\/395\/revisions"}],"predecessor-version":[{"id":15718,"href":"https:\/\/natoo-underwear.com\/index.php\/wp-json\/wp\/v2\/product\/395\/revisions\/15718"}],"wp:featuredmedia":[{"embeddable":true,"href":"https:\/\/natoo-underwear.com\/index.php\/wp-json\/wp\/v2\/media\/15929"}],"wp:attachment":[{"href":"https:\/\/natoo-underwear.com\/index.php\/wp-json\/wp\/v2\/media?parent=395"}],"wp:term":[{"taxonomy":"product_cat","embeddable":true,"href":"https:\/\/natoo-underwear.com\/index.php\/wp-json\/wp\/v2\/product_cat?post=395"},{"taxonomy":"product_tag","embeddable":true,"href":"https:\/\/natoo-underwear.com\/index.php\/wp-json\/wp\/v2\/product_tag?post=395"}],"curies":[{"name":"wp","href":"https:\/\/api.w.org\/{rel}","templated":true}]}}